{"id":14378,"date":"2024-10-24T17:04:23","date_gmt":"2024-10-24T17:04:23","guid":{"rendered":"https:\/\/andaluciagolf.com\/legal-notice\/"},"modified":"2025-02-12T15:28:56","modified_gmt":"2025-02-12T15:28:56","slug":"legal-notice","status":"publish","type":"page","link":"https:\/\/andaluciagolf.com\/en\/legal-notice\/","title":{"rendered":"Legal Notice"},"content":{"rendered":"\r\n<p><strong>I.- ACCESO Y UTILIZACI\u00d3N<\/strong><\/p>\r\n<p>Las presentes Condiciones Generales de Acceso y Utilizaci\u00f3n (en adelante las Condiciones Generales) regulan el acceso y uso del presente sitio web, accesible a trav\u00e9s de la direcci\u00f3n www.Andaluc\u00eda Golf.com (en adelante, el Sitio Web) propiedad de Andaluc\u00eda Golf, S.L. (en adelante, Andaluc\u00eda Golf). El acceso y utilizaci\u00f3n del Sitio Web por parte del usuario (en adelante, el Usuario) es de car\u00e1cter gratuito, no requiriendo su visualizaci\u00f3n previa suscripci\u00f3n o registro alguno. No obstante, la contrataci\u00f3n de determinados servicios o productos a trav\u00e9s del Sitio Web puede requerir el registro del Usuario en los t\u00e9rminos que se describen m\u00e1s adelante, y previa aceptaci\u00f3n de determinadas condiciones especificas que desarrollan y complementan las presentes Condiciones Generales. Las Condiciones Generales se encuentran traducidas al ingl\u00e9s.<\/p>\r\n<p>Los datos identificativos del propietario y responsable del Sitio Web son los que figuran a continuaci\u00f3n:<\/p>\r\n<p><strong>Andaluc\u00eda Golf, S.L.<\/strong><\/p>\r\n<p><strong>C\/ Ortega y Gasset, 7 \u2013 Edificio Hispasol, 2 C 29602 Marbella (M\u00e1laga), Spain<\/strong><\/p>\r\n<p><strong>Registro Mercantil de M\u00e1laga, Tomo 1042 , Libro 176, Folio 55, Hoja 5.774 <\/strong><\/p>\r\n<p><strong>NIF:B-29399359<\/strong><\/p>\r\n<p><strong>Direcci\u00f3n de correo electr\u00f3nico: <span id=\"cloaka7357d64e97f021d0bb9baf1d7d0d07b\"><a href=\"mailto:info@Andaluciagolf.com\">info@Andaluciagolf.com<\/a><\/span><\/strong><\/p>\r\n<p><strong>Tel\u00e9fono: \u00a0952 82 89 76<\/strong><\/p>\r\n<p><strong>Fax:952 82 90 88 <\/strong><\/p>\r\n<p>El acceso y utilizaci\u00f3n del Sitio Web est\u00e1 sujeto y, en consecuencia, se regir\u00e1 por todo lo contenido en las presentes Condiciones Generales, sin perjuicio de las condiciones espec\u00edficas que sean de aplicaci\u00f3n a servicios concretos incluidos en el mismo.<\/p>\r\n<p>En este sentido se hace constar expresamente que el mero acceso y la utilizaci\u00f3n del Sitio Web atribuye la condici\u00f3n de Usuario del Sitio Web y comporta la aceptaci\u00f3n plena y sin reservas por parte del Usuario, del total contenido de las Condiciones Generales, en la versi\u00f3n publicada en el Sitio Web en el momento de dicho acceso. En consecuencia, el Usuario, bajo su responsabilidad, debe leer atentamente la totalidad de las condiciones en cada una de las ocasiones en que se proponga utilizar el Sitio Web. Si el Usuario no estuviere de acuerdo con el contenido de las presentes Condiciones Generales, deber\u00eda abstenerse por consiguiente de acceder al Sitio Web y de operar a trav\u00e9s del mismo.<\/p>\r\n<p>El Usuario conoce y acepta, por el hecho mismo de visitar el Sitio Web, que los datos e informaci\u00f3n contenidos en el mismo aparecen \u00fanica y exclusivamente como informaci\u00f3n de car\u00e1cter preliminar dispuesta a la atenci\u00f3n del Usuario y, que en un momento dado, pueden contener errores, imprecisiones o no estar actualizada.<\/p>\r\n<p>Andaluc\u00eda Golf se reserva la facultad de modificar y actualizar la informaci\u00f3n contenida en el Sitio Web, su configuraci\u00f3n y presentaci\u00f3n, as\u00ed como las presentes Condiciones Generales, en cualquier momento a su discreci\u00f3n, y sin necesidad de previo aviso, siendo responsabilidad del Usuario su debida lectura en el momento de cada acceso y\/o utilizaci\u00f3n.<\/p>\r\n<p>El Usuario se compromete a utilizar el Sitio Web de conformidad con la legislaci\u00f3n vigente, con lo dispuesto en las Condiciones Generales y las condiciones espec\u00edficas, cuando \u00e9stas \u00faltimas sean de aplicaci\u00f3n, as\u00ed como con la moral, las buenas costumbres generalmente aceptadas y el orden p\u00fablico. El Usuario se obliga a abstenerse de utilizar el Sitio Web con fines o efectos il\u00edcitos, contrarios a lo establecido en las Condiciones Generales o, de forma lesiva para los derechos e intereses de Andaluc\u00eda Golf o de terceros, o de cualquier otra forma que pueda da\u00f1ar, inutilizar, sobrecargar o deteriorar el Sitio Web impidiendo su normal utilizaci\u00f3n por parte de los Usuarios.<\/p>\r\n<p>Andaluc\u00eda Golf se reserva el derecho a denegar o retirar el acceso y\/o utilizaci\u00f3n de su Sitio Web, en cualquier momento y sin necesidad de preaviso a aquellos Usuarios registrados que incumplan estas Condiciones Generales y\/o las condiciones espec\u00edficas cuando resulten de aplicaci\u00f3n.<\/p>\r\n<p><strong>II. GARANT\u00cdAS DE UTILIZACI\u00d3N DEL SITIO WEB<\/strong><\/p>\r\n<p>Andaluc\u00eda Golf no garantiza la disponibilidad y continuidad del funcionamiento del Sitio Web ni de los productos, servicios o contenidos ofrecidos en el mismo, ni que el contenido existente en su Sitio Web no contenga errores o no se encuentre actualizado, quedando exonerada de toda responsabilidad por los da\u00f1os y perjuicios de cualquier naturaleza que puedan originarse por tales circunstancias. Andaluc\u00eda Golf llevar\u00e1 a cabo, siempre que no concurran circunstancias que lo hagan imposible o de dif\u00edcil ejecuci\u00f3n y tan pronto tenga noticias de los errores, desconexiones o falta de actualizaci\u00f3n de los contenidos, todas aquellas labores tendentes a subsanar los errores, restablecer la comunicaci\u00f3n y actualizar los referidos contenidos.<\/p>\r\n<p>Asimismo, Andaluc\u00eda Golf no garantiza la fiabilidad t\u00e9cnica de su Sitio Web, ni el acceso a sus distintas p\u00e1ginas, ni la fiabilidad de los contenidos proporcionados por terceros a trav\u00e9s del Sitio Web, quedando exonerada de toda responsabilidad por los da\u00f1os y perjuicios de cualquier naturaleza que puedan originarse por la falta de certeza, veracidad, disponibilidad, continuidad, licitud, actualizaci\u00f3n y naturaleza de tales contenidos.<\/p>\r\n<p>Andaluc\u00eda Golf manifiesta y garantiza que su Sitio Web dispone de la tecnolog\u00eda (hardware y software) necesaria a la fecha, para el acceso y\/o utilizaci\u00f3n del mismo. Sin embargo, Andaluc\u00eda Golf no garantiza la eventual existencia de virus u otros elementos tecnol\u00f3gicos nocivos que puedan producir alteraciones en los sistemas inform\u00e1ticos del Usuario introducidos por cualquier medio por terceros. Igualmente, Andaluc\u00eda Golf manifiesta que en relaci\u00f3n con su Sitio Web, \u00e9ste ha sido dise\u00f1ado, creado e implementado por terceros a petici\u00f3n de Andaluc\u00eda Golf y que cuenta con sistemas de seguridad adecuados en funci\u00f3n de la tecnolog\u00eda actual.<\/p>\r\n<p><strong>III. SERVICIOS OFRECIDOS POR Andaluc\u00eda Golf A TRAV\u00c9S DEL SITIO WEB<\/strong><\/p>\r\n<p>Se pone a disposici\u00f3n del usuario en el presente sitio web un tel\u00e9fono donde podr\u00e1 reservar un greenfees de golf.<\/p>\r\n<p><strong>IV.- DATOS DE CAR\u00c1CTER PERSONAL<\/strong><\/p>\r\n<p>De acuerdo con lo establecido en la ley 15\/1999 de 13 de diciembre, sobre Protecci\u00f3n de Datos de Car\u00e1cter Personal, Andaluc\u00eda Golf le informa de que los datos de car\u00e1cter personal recabados a trav\u00e9s de los distintos formularios del Sitio Web podr\u00e1n ser incorporados a ficheros propiedad de Andaluc\u00eda Golf con las finalidades que en cada caso y para cada producto o servicio se especifiquen. En cada uno de dichos formularios Andaluc\u00eda Golf le informar\u00e1 sobre la finalidad y uso de los datos recabados, el car\u00e1cter obligatorio o facultativo de sus respuestas, as\u00ed como las consecuencias de la negativa a suministrarlas. Asimismo Andaluc\u00eda Golf informar\u00e1 al Usuario de los derechos que le asisten en relaci\u00f3n con los datos proporcionados y en general de todas las menciones que la legislaci\u00f3n aplicable en materia de protecci\u00f3n de datos exige, las cuales ser\u00e1n expresamente aceptadas por el Usuario.<\/p>\r\n<p>El Usuario garantiza y responde en cualquier caso de la certeza, veracidad, exactitud, vigencia y autenticidad de los datos de car\u00e1cter personal suministrados, comprometi\u00e9ndose a mantenerlos debidamente actualizados.<\/p>\r\n<p>Andaluc\u00eda Golf garantiza que ha adoptado las medidas de car\u00e1cter t\u00e9cnico y organizativo oportunas de seguridad en sus instalaciones, sistemas y ficheros, de conformidad con lo establecido en el Real Decreto 1720\/2007 de 21 de diciembre, por el que se aprueban las Medidas de Seguridad aplicables a ficheros Automatizados con Datos de Car\u00e1cter Personal y dem\u00e1s normativa de desarrollo. Ello no obstante, Andaluc\u00eda Golf podr\u00e1 revelar a las autoridades p\u00fablicas competentes los datos de car\u00e1cter personal y cualquier otra informaci\u00f3n que est\u00e9 en su poder a trav\u00e9s de sus sistemas inform\u00e1ticos y que le sea requerida de conformidad con las disposiciones legales y reglamentarias aplicables al caso.<\/p>\r\n<p>El Usuario consiente que Andaluc\u00eda Golf pueda introducir fragmentos de informaci\u00f3n en el disco duro del ordenador del Usuario una vez que \u00e9ste acceda al Sitio Web (en adelante, Cookies). Dichas Cookies se incluyen con la finalidad de proporcionar informaci\u00f3n sobre las visitas de los Usuarios, permitiendo el an\u00e1lisis del tr\u00e1fico generado por \u00e9stos. De esta manera, Andaluc\u00eda Golf obtendr\u00e1 informaci\u00f3n adicional sobre las caracter\u00edsticas de los Usuarios que visitan el Sitio Web que le permitir\u00e1n prestar servicios personalizados, as\u00ed como mejorar los contenidos de su Sitio Web de forma tal que puedan redundar en beneficio del Usuario.<\/p>\r\n<p>El Usuario podr\u00e1 desactivar, en cualquier momento, el sistema de personalizaci\u00f3n del Sitio Web. La mayor\u00eda de los navegadores aceptan la utilizaci\u00f3n de Cookies de forma autom\u00e1tica, pudiendo el Usuario modificar la configuraci\u00f3n del navegador para eliminarlas, sin perjuicio de que el Usuario pueda continuar utilizando la mayor parte de los servicios ofrecidos en el Sitio Web.<\/p>\r\n<p><strong>V. DERECHOS DE PROPIEDAD INTELECTUAL E INDUSTRIAL <\/strong><\/p>\r\n<p>Todos los contenidos del Sitio Web (incluyendo, sin car\u00e1cter limitativo, bases de datos, im\u00e1genes, dibujos, gr\u00e1ficos, archivos de texto, audio, video y software) son propiedad, bien de Andaluc\u00eda Golf, o bien \u00e9sta se encuentra autorizada para su uso y est\u00e1n protegidos por las normas nacionales o internacionales de propiedad intelectual e industrial. La compilaci\u00f3n (entendi\u00e9ndose como tal la recopilaci\u00f3n, ordenaci\u00f3n y montaje) de todo el contenido del Sitio Web es propiedad exclusiva Andaluc\u00eda Golf, o bien se encuentra autorizada para ello, y se encuentra protegida por las normas nacionales e internacionales de propiedad industrial e intelectual.<\/p>\r\n<p>Todo el software utilizado en el uso y desarrollo del Sitio Web es propiedad de Andaluc\u00eda Golf, o bien se encuentra autorizada para su uso, y se encuentra protegido por las leyes nacionales e internacionales de propiedad industrial e intelectual.<\/p>\r\n<p>Andaluc\u00eda Golf y sus marcas son marcas registradas propiedad de Andaluc\u00eda Golf. Las denominaciones de otros productos, servicios y compa\u00f1\u00edas que aparezcan en este documento o en el Sitio Web pueden ser marcas registradas de sus respectivos propietarios.<\/p>\r\n<p>Queda terminantemente prohibido cualquier otro uso del contenido del Sitio Web, as\u00ed como su propio dise\u00f1o, configuraci\u00f3n y forma de exposici\u00f3n, incluidas a t\u00edtulo enunciativo y no limitativo la reproducci\u00f3n, modificaci\u00f3n, distribuci\u00f3n, comercializaci\u00f3n, transmisi\u00f3n, posterior publicaci\u00f3n, exhibici\u00f3n o representaci\u00f3n total o parcial del mismo, ya sea con fines comerciales o meramente divulgativos.<\/p>\r\n<p>Es pol\u00edtica de Andaluc\u00eda Golf no aceptar materiales, ideas o sugerencias de car\u00e1cter creativo salvo cuando expresamente se soliciten, con el fin de evitar cualquier confusi\u00f3n en el caso de similitud entre las ideas remitidas por Usuarios y las ideas desarrolladas por Andaluc\u00eda Golf. A tal efecto, le solicitamos no nos remita ning\u00fan tipo de material ni idea original. Cualquier comunicaci\u00f3n realizada no ser\u00e1 tratada confidencialmente, pudiendo ser utilizada por Andaluc\u00eda Golf para cualquier finalidad, incluida sin car\u00e1cter limitativo la reproducci\u00f3n, modificaci\u00f3n, distribuci\u00f3n, comercializaci\u00f3n, transmisi\u00f3n, posterior publicaci\u00f3n, exhibici\u00f3n o representaci\u00f3n total o parcial del mismo.<\/p>\r\n<p><strong>VI. ENLACES CON OTROS SITIOS WEB<\/strong><\/p>\r\n<p>El Sitio Web puede poner a disposici\u00f3n de los Usuarios dispositivos t\u00e9cnicos de enlace tales como, entre otros, enlaces de hipertexto, banners, botones, directorios y cualquier otra herramienta de b\u00fasqueda que permita al Usuario acceder a sitios web distintos del Sitio Web o sitios web de terceros (en adelante, links). La instalaci\u00f3n de dichos links tiene por \u00fanico objeto facilitar a los Usuarios el acceso a informaci\u00f3n disponible ofrecida por terceros.<\/p>\r\n<p>Dichos links no implican control o aceptaci\u00f3n y\/o aprobaci\u00f3n por parte de Andaluc\u00eda Golf de sus contenidos o servicios en ellos ofrecidos y puestos a disposici\u00f3n del Usuario. Por tanto, el Usuario deber\u00e1 extremar su prudencia en la valoraci\u00f3n y utilizaci\u00f3n de dichos links, quedando Andaluc\u00eda Golf exonerada de toda responsabilidad en relaci\u00f3n con la informaci\u00f3n, datos, archivos, productos, servicios y cualquier clase de material existente en las p\u00e1ginas a las que se acceda a trav\u00e9s de dichos links.<\/p>\r\n<p>La inclusi\u00f3n de v\u00ednculos o enlaces de cualquier tipo a otros sitios web no implica que Andaluc\u00eda Golf promocione, avale, garantice o recomiende dichos sitios. Los v\u00ednculos o enlaces que incluye el Sitio Web de Andaluc\u00eda Golf \u00fanicamente son ofrecidos como referencias informativas, sin ning\u00fan tipo de valoraci\u00f3n sobre los contenidos, titularidad, servicios o productos ofrecidos desde los mismos.<\/p>\r\n<p><strong>VII. ENLACES AL SITIO WEB<\/strong><\/p>\r\n<p>Todo link, en los t\u00e9rminos definidos en la Cl\u00e1usula anterior, establecido entre cualquier sitio web y el Sitio Web no implica, por su mera existencia, relaci\u00f3n legal alguna entre el Sitio Web y el sitio web que incorpore dicho link, as\u00ed como tampoco el conocimiento y aceptaci\u00f3n por parte de Andaluc\u00eda Golf de su existencia y contenido.<\/p>\r\n<p>Andaluc\u00eda Golf no garantiza ni asume ning\u00fan tipo de responsabilidad por los da\u00f1os y perjuicios de cualquier naturaleza que pudieran derivarse de la utilizaci\u00f3n de los servicios y contenidos existentes en el sitio web en el que figura el link al Sitio Web.<\/p>\r\n<p><strong>VIII. LIMITACIONES DE RESPONSABILIDAD<\/strong><\/p>\r\n<p>Este Sitio Web ha sido elaborado de buena fe por Andaluc\u00eda Golf con informaci\u00f3n procedente de fuentes internas y externas y lo ofrece en su estado actual a los Usuarios, pudiendo contener imprecisiones o erratas.<\/p>\r\n<p>Andaluc\u00eda Golf no efect\u00faa manifestaciones ni ofrece garant\u00edas de ninguna clase, ya sean expl\u00edcitas o impl\u00edcitas, en cuanto al funcionamiento del Sitio Web o a la informaci\u00f3n, contenido, software, materiales o productos incluidos en el mismo o en los que se base su funcionamiento. En la medida en que lo permita la legislaci\u00f3n aplicable, Andaluc\u00eda Golf queda exonerada de cualesquiera responsabilidades, ya sean expl\u00edcitas o impl\u00edcitas. Andaluc\u00eda Golf no ser\u00e1 responsable de los da\u00f1os o perjuicios de cualquier \u00edndole que puedan derivarse del uso de este Sitio Web incluidos, entre otros, los da\u00f1os y perjuicios de cualquier clase que se puedan producir, ya sean de forma directa o indirecta y, en especial, de aqu\u00e9llos que pudieran derivarse de la interrupci\u00f3n del servicio por parte del Sitio Web as\u00ed como de su continuidad.<\/p>\r\n<p>Asimismo, Andaluc\u00eda Golf no se hace responsable de los posibles errores o deficiencias de seguridad que pudieran producirse por la utilizaci\u00f3n por parte del usuario de un navegador de una versi\u00f3n no actualizada o insegura, as\u00ed como por la activaci\u00f3n de los dispositivos de conservaci\u00f3n de claves o c\u00f3digos de identificaci\u00f3n del Usuario en el navegador o de los da\u00f1os, errores o inexactitudes que pudieran derivarse del mal funcionamiento del mismo.<\/p>\r\n<p>El Usuario responder\u00e1 por los da\u00f1os y perjuicios de cualquier naturaleza que Andaluc\u00eda Golf pueda sufrir como consecuencia, directa o indirecta, del incumplimiento por parte del Usuario de las Condiciones Generales y en particular de las condiciones espec\u00edficas.<\/p>\r\n<p><strong>IX. NULIDAD E INEFICACIA DE LAS CL\u00c1USULAS <\/strong><\/p>\r\n<p>Si cualquier cl\u00e1usula de las presentes Condiciones Generales fuese declarada, total o parcialmente, nula o ineficaz, tal nulidad o ineficacia afectar\u00eda tan s\u00f3lo a dicha disposici\u00f3n o parte de la misma que resulte nula o ineficaz, subsistiendo en todo lo dem\u00e1s el resto de Condiciones Generales y teni\u00e9ndose tal disposici\u00f3n o la parte de la misma que resulte afectada por no puesta, salvo que, por resultar esencial a las presentes Condiciones Generales, hubiese de afectarlas de forma integral.<\/p>\r\n<p><strong>X. LEY APLICABLE Y JURISDICCI\u00d3N<\/strong><\/p>\r\n<p>Las presentes Condiciones Generales, as\u00ed como, las condiciones espec\u00edficas y todas aquellas relaciones que puedan surgir por el acceso y utilizaci\u00f3n del Sitio Web entre Usuario y Andaluc\u00eda Golf se interpretar\u00e1n y regir\u00e1n de conformidad con la legislaci\u00f3n espa\u00f1ola.<\/p>\r\n<p>Para cualquier cuesti\u00f3n litigiosa derivada de la existencia, acceso, utilizaci\u00f3n o contenido de las Condiciones Generales o condiciones espec\u00edficas, ambas partes, con renuncia expresa a cualquier otro fuero que pudiera corresponderles, se someten a la jurisdicci\u00f3n y competencia exclusiva de los Juzgados y Tribunales de la ciudad de M\u00e1laga.<\/p>","protected":false},"excerpt":{"rendered":"<p>I.- ACCESO Y UTILIZACI\u00d3N Las presentes Condiciones Generales de Acceso y Utilizaci\u00f3n (en adelante las Condiciones Generales) regulan el acceso y uso del presente sitio web, accesible a trav\u00e9s de la direcci\u00f3n www.Andaluc\u00eda Golf.com (en adelante, el Sitio Web) propiedad de Andaluc\u00eda Golf, S.L. (en adelante, Andaluc\u00eda Golf). El acceso y utilizaci\u00f3n del Sitio Web [&hellip;]<\/p>\n","protected":false},"author":1,"featured_media":0,"parent":0,"menu_order":0,"comment_status":"closed","ping_status":"closed","template":"","meta":{"footnotes":""},"class_list":["post-14378","page","type-page","status-publish","hentry"],"_links":{"self":[{"href":"https:\/\/andaluciagolf.com\/en\/wp-json\/wp\/v2\/pages\/14378","targetHints":{"allow":["GET"]}}],"collection":[{"href":"https:\/\/andaluciagolf.com\/en\/wp-json\/wp\/v2\/pages"}],"about":[{"href":"https:\/\/andaluciagolf.com\/en\/wp-json\/wp\/v2\/types\/page"}],"author":[{"embeddable":true,"href":"https:\/\/andaluciagolf.com\/en\/wp-json\/wp\/v2\/users\/1"}],"replies":[{"embeddable":true,"href":"https:\/\/andaluciagolf.com\/en\/wp-json\/wp\/v2\/comments?post=14378"}],"version-history":[{"count":0,"href":"https:\/\/andaluciagolf.com\/en\/wp-json\/wp\/v2\/pages\/14378\/revisions"}],"wp:attachment":[{"href":"https:\/\/andaluciagolf.com\/en\/wp-json\/wp\/v2\/media?parent=14378"}],"curies":[{"name":"wp","href":"https:\/\/api.w.org\/{rel}","templated":true}]}}